{"id":156,"date":"2019-09-03T17:36:58","date_gmt":"2019-09-03T15:36:58","guid":{"rendered":"https:\/\/diligentclothes.com\/en\/?page_id=156"},"modified":"2021-03-29T10:12:17","modified_gmt":"2021-03-29T08:12:17","slug":"concept-stores","status":"publish","type":"page","link":"https:\/\/diligentclothes.com\/en\/concept-stores\/","title":{"rendered":"Concept stores"},"content":{"rendered":"\n<div class=\"wp-block-columns concepts is-layout-flex wp-container-core-columns-is-layout-1 wp-block-columns-is-layout-flex\">\n<div class=\"wp-block-column is-layout-flow wp-block-column-is-layout-flow\">\n<div class=\"wp-block-buttons is-layout-flex wp-block-buttons-is-layout-flex\">\n<div class=\"wp-block-button\"><a class=\"wp-block-button__link has-very-dark-gray-color has-very-light-gray-background-color has-text-color has-background\" href=\"https:\/\/quadratshop.com\/di-li-gent\" target=\"_blank\" rel=\"noreferrer noopener\"><strong><strong>QUADRAT<\/strong><\/strong><br><strong>Polish Designers<\/strong><br><br>Gormannstrasse 23<br>10119<br>Berlin Mitte<\/a><\/div>\n\n\n\n<div class=\"wp-block-button\"><a class=\"wp-block-button__link has-very-dark-gray-color has-very-light-gray-background-color has-text-color has-background\" href=\"https:\/\/pl-pl.facebook.com\/pg\/bloomcompl\/about\/?ref=page_internal\" target=\"_blank\" rel=\"noreferrer noopener\"><strong>BLOOM<br>Polish Designers<\/strong><br><br>ul. Piotrkowska 107<br>\u0141\u00f3d\u017a<\/a><\/div>\n<\/div>\n<\/div>\n\n\n\n<div class=\"wp-block-column is-layout-flow wp-block-column-is-layout-flow\">\n<div class=\"wp-block-buttons is-layout-flex wp-block-buttons-is-layout-flex\">\n<div class=\"wp-block-button\"><a class=\"wp-block-button__link has-very-dark-gray-color has-very-light-gray-background-color has-text-color has-background\" href=\"http:\/\/www.svoi.pl\/index.php?route=product\/manufacturer\/info&amp;manufacturer_id=59\" target=\"_blank\" rel=\"noreferrer noopener\"><strong>SVOI<\/strong><br><br>DOM HANDLOWY MYSIA 3 &#8211; 2 Pi\u0119tro<br>Mysia 3, 00-496<br>Warszawa<\/a><\/div>\n<\/div>\n<\/div>\n\n\n\n<div class=\"wp-block-column is-layout-flow wp-block-column-is-layout-flow\">\n<div class=\"wp-block-buttons is-layout-flex wp-block-buttons-is-layout-flex\">\n<div class=\"wp-block-button\"><a class=\"wp-block-button__link has-very-dark-gray-color has-very-light-gray-background-color has-text-color has-background\" href=\"https:\/\/www.showroom.pl\/marki\/2510\" target=\"_blank\" rel=\"noreferrer noopener\"><strong>SHOWROOM<\/strong><br><br>ul. Ho\u017ca 51<br>00-681<br>Warszawa<\/a><\/div>\n<\/div>\n<\/div>\n<\/div>\n\n\n\n<p><\/p>\n","protected":false},"excerpt":{"rendered":"","protected":false},"author":1,"featured_media":0,"parent":0,"menu_order":0,"comment_status":"closed","ping_status":"closed","template":"","meta":{"_acf_changed":false,"footnotes":""},"class_list":["post-156","page","type-page","status-publish","hentry"],"acf":[],"yoast_head":"<!-- This site is optimized with the Yoast SEO plugin v26.8 - https:\/\/yoast.com\/product\/yoast-seo-wordpress\/ -->\n<title>Concept stores | Diligent Clothes<\/title>\n<meta name=\"description\" content=\"See where the concepts are located on the official website of the Diligent Clothes fashion brand based in Warsaw.\" \/>\n<meta name=\"robots\" content=\"index, follow, max-snippet:-1, max-image-preview:large, max-video-preview:-1\" \/>\n<link rel=\"canonical\" href=\"https:\/\/diligentclothes.com\/en\/concept-stores\/\" \/>\n<meta property=\"og:locale\" content=\"en_US\" \/>\n<meta property=\"og:type\" content=\"article\" \/>\n<meta property=\"og:title\" content=\"Concept stores | Diligent Clothes\" \/>\n<meta property=\"og:description\" content=\"See where the concepts are located on the official website of the Diligent Clothes fashion brand based in Warsaw.\" \/>\n<meta property=\"og:url\" content=\"https:\/\/diligentclothes.com\/en\/concept-stores\/\" \/>\n<meta property=\"og:site_name\" content=\"DILIGENT Clothes Official Site \/ Poland \/ Fashion Brand based in Warsaw.\" \/>\n<meta property=\"article:modified_time\" content=\"2021-03-29T08:12:17+00:00\" \/>\n<meta name=\"twitter:card\" content=\"summary_large_image\" \/>\n<meta name=\"twitter:label1\" content=\"Est. reading time\" \/>\n\t<meta name=\"twitter:data1\" content=\"1 minute\" \/>\n<script type=\"application\/ld+json\" class=\"yoast-schema-graph\">{\"@context\":\"https:\/\/schema.org\",\"@graph\":[{\"@type\":\"WebPage\",\"@id\":\"https:\/\/diligentclothes.com\/en\/concept-stores\/\",\"url\":\"https:\/\/diligentclothes.com\/en\/concept-stores\/\",\"name\":\"Concept stores | Diligent Clothes\",\"isPartOf\":{\"@id\":\"https:\/\/diligentclothes.com\/en\/#website\"},\"datePublished\":\"2019-09-03T15:36:58+00:00\",\"dateModified\":\"2021-03-29T08:12:17+00:00\",\"description\":\"See where the concepts are located on the official website of the Diligent Clothes fashion brand based in Warsaw.\",\"breadcrumb\":{\"@id\":\"https:\/\/diligentclothes.com\/en\/concept-stores\/#breadcrumb\"},\"inLanguage\":\"en-US\",\"potentialAction\":[{\"@type\":\"ReadAction\",\"target\":[\"https:\/\/diligentclothes.com\/en\/concept-stores\/\"]}]},{\"@type\":\"BreadcrumbList\",\"@id\":\"https:\/\/diligentclothes.com\/en\/concept-stores\/#breadcrumb\",\"itemListElement\":[{\"@type\":\"ListItem\",\"position\":1,\"name\":\"Strona g\u0142\u00f3wna\",\"item\":\"https:\/\/diligentclothes.com\/en\/\"},{\"@type\":\"ListItem\",\"position\":2,\"name\":\"Concept stores\"}]},{\"@type\":\"WebSite\",\"@id\":\"https:\/\/diligentclothes.com\/en\/#website\",\"url\":\"https:\/\/diligentclothes.com\/en\/\",\"name\":\"DILIGENT Clothes Official Site \/ Poland \/ Fashion Brand based in Warsaw.\",\"description\":\"Welcome to the official DILIGENT website. Explore the online site where you will discover the latest clothes and accessories collections of our project.\",\"potentialAction\":[{\"@type\":\"SearchAction\",\"target\":{\"@type\":\"EntryPoint\",\"urlTemplate\":\"https:\/\/diligentclothes.com\/en\/?s={search_term_string}\"},\"query-input\":{\"@type\":\"PropertyValueSpecification\",\"valueRequired\":true,\"valueName\":\"search_term_string\"}}],\"inLanguage\":\"en-US\"}]}<\/script>\n<!-- \/ Yoast SEO plugin. -->","yoast_head_json":{"title":"Concept stores | Diligent Clothes","description":"See where the concepts are located on the official website of the Diligent Clothes fashion brand based in Warsaw.","robots":{"index":"index","follow":"follow","max-snippet":"max-snippet:-1","max-image-preview":"max-image-preview:large","max-video-preview":"max-video-preview:-1"},"canonical":"https:\/\/diligentclothes.com\/en\/concept-stores\/","og_locale":"en_US","og_type":"article","og_title":"Concept stores | Diligent Clothes","og_description":"See where the concepts are located on the official website of the Diligent Clothes fashion brand based in Warsaw.","og_url":"https:\/\/diligentclothes.com\/en\/concept-stores\/","og_site_name":"DILIGENT Clothes Official Site \/ Poland \/ Fashion Brand based in Warsaw.","article_modified_time":"2021-03-29T08:12:17+00:00","twitter_card":"summary_large_image","twitter_misc":{"Est. reading time":"1 minute"},"schema":{"@context":"https:\/\/schema.org","@graph":[{"@type":"WebPage","@id":"https:\/\/diligentclothes.com\/en\/concept-stores\/","url":"https:\/\/diligentclothes.com\/en\/concept-stores\/","name":"Concept stores | Diligent Clothes","isPartOf":{"@id":"https:\/\/diligentclothes.com\/en\/#website"},"datePublished":"2019-09-03T15:36:58+00:00","dateModified":"2021-03-29T08:12:17+00:00","description":"See where the concepts are located on the official website of the Diligent Clothes fashion brand based in Warsaw.","breadcrumb":{"@id":"https:\/\/diligentclothes.com\/en\/concept-stores\/#breadcrumb"},"inLanguage":"en-US","potentialAction":[{"@type":"ReadAction","target":["https:\/\/diligentclothes.com\/en\/concept-stores\/"]}]},{"@type":"BreadcrumbList","@id":"https:\/\/diligentclothes.com\/en\/concept-stores\/#breadcrumb","itemListElement":[{"@type":"ListItem","position":1,"name":"Strona g\u0142\u00f3wna","item":"https:\/\/diligentclothes.com\/en\/"},{"@type":"ListItem","position":2,"name":"Concept stores"}]},{"@type":"WebSite","@id":"https:\/\/diligentclothes.com\/en\/#website","url":"https:\/\/diligentclothes.com\/en\/","name":"DILIGENT Clothes Official Site \/ Poland \/ Fashion Brand based in Warsaw.","description":"Welcome to the official DILIGENT website. Explore the online site where you will discover the latest clothes and accessories collections of our project.","potentialAction":[{"@type":"SearchAction","target":{"@type":"EntryPoint","urlTemplate":"https:\/\/diligentclothes.com\/en\/?s={search_term_string}"},"query-input":{"@type":"PropertyValueSpecification","valueRequired":true,"valueName":"search_term_string"}}],"inLanguage":"en-US"}]}},"_links":{"self":[{"href":"https:\/\/diligentclothes.com\/en\/wp-json\/wp\/v2\/pages\/156","targetHints":{"allow":["GET"]}}],"collection":[{"href":"https:\/\/diligentclothes.com\/en\/wp-json\/wp\/v2\/pages"}],"about":[{"href":"https:\/\/diligentclothes.com\/en\/wp-json\/wp\/v2\/types\/page"}],"author":[{"embeddable":true,"href":"https:\/\/diligentclothes.com\/en\/wp-json\/wp\/v2\/users\/1"}],"replies":[{"embeddable":true,"href":"https:\/\/diligentclothes.com\/en\/wp-json\/wp\/v2\/comments?post=156"}],"version-history":[{"count":14,"href":"https:\/\/diligentclothes.com\/en\/wp-json\/wp\/v2\/pages\/156\/revisions"}],"predecessor-version":[{"id":2055,"href":"https:\/\/diligentclothes.com\/en\/wp-json\/wp\/v2\/pages\/156\/revisions\/2055"}],"wp:attachment":[{"href":"https:\/\/diligentclothes.com\/en\/wp-json\/wp\/v2\/media?parent=156"}],"curies":[{"name":"wp","href":"https:\/\/api.w.org\/{rel}","templated":true}]}}