{"id":222,"date":"2019-09-03T19:16:30","date_gmt":"2019-09-03T17:16:30","guid":{"rendered":"https:\/\/diligentclothes.com\/en\/?page_id=222"},"modified":"2021-03-29T10:04:57","modified_gmt":"2021-03-29T08:04:57","slug":"soft-power","status":"publish","type":"page","link":"https:\/\/diligentclothes.com\/en\/campaign\/soft-power\/","title":{"rendered":"Soft Power"},"content":{"rendered":"\n<div class=\"wp-block-image\"><figure class=\"alignleft\"><img loading=\"lazy\" decoding=\"async\" width=\"150\" height=\"150\" src=\"https:\/\/diligentclothes.com\/en\/wp-content\/uploads\/sites\/2\/2019\/09\/1000x720-150x150.jpg\" alt=\"\" class=\"wp-image-286\"\/><\/figure><\/div>\n\n\n\n<p>Uju Nwankwo 24 -Life styl i pi\u0119kno wp\u0142ywaj\u0105c\u0105 @ooojew Inspiruj innych swoj\u0105 pasj\u0105. Tym co sprawia, \u017ce pi\u0119kno jest szczeg\u00f3lne to fakt, \u017ce jest subiektywne. Ludzie staraj\u0105 si\u0119 zdefiniowa\u0107 pi\u0119kno, ale nie mog\u0105. Upewnij si\u0119, aby zostawi\u0107 po sobie szczypt\u0119 blasku gdziekolwiek jeste\u015b, w ten spos\u00f3b nigdy nie b\u0119dziesz zapomniany. B\u0105d\u017a wierny swoim idea\u0142om. I nigdy nie przepraszaj za to, \u017ce w siebie wierzysz. Obserwuj mnie na moich social media @ooojew i b\u0105d\u017a na bie\u017c\u0105co, jako \u017ce dopiero zaczynam budowa\u0107 swoj\u0105 mark\u0119. ~ Zawsze pami\u0119taj, \u017ce czekolada jest dla Ciebie dobra. Buziaki, Uju<\/p>\n","protected":false},"excerpt":{"rendered":"<p>Uju Nwankwo 24 -Life styl i pi\u0119kno wp\u0142ywaj\u0105c\u0105 @ooojew Inspiruj innych swoj\u0105 pasj\u0105. Tym co sprawia, \u017ce pi\u0119kno jest szczeg\u00f3lne to fakt, \u017ce jest subiektywne. Ludzie staraj\u0105 si\u0119 zdefiniowa\u0107 pi\u0119kno, ale nie mog\u0105. Upewnij si\u0119, aby zostawi\u0107 po sobie szczypt\u0119 blasku gdziekolwiek jeste\u015b, w ten spos\u00f3b nigdy nie b\u0119dziesz zapomniany. B\u0105d\u017a wierny swoim idea\u0142om. I &hellip; <a href=\"https:\/\/diligentclothes.com\/en\/campaign\/soft-power\/\">Continued<\/a><\/p>\n","protected":false},"author":1,"featured_media":0,"parent":194,"menu_order":0,"comment_status":"closed","ping_status":"closed","template":"views\/campaign.blade.php","meta":{"_acf_changed":false,"footnotes":""},"class_list":["post-222","page","type-page","status-publish","hentry"],"acf":[],"yoast_head":"<!-- This site is optimized with the Yoast SEO plugin v26.8 - https:\/\/yoast.com\/product\/yoast-seo-wordpress\/ -->\n<title>Soft Power - collection | Diligent Clothes<\/title>\n<meta name=\"description\" content=\"See the Soft Power collection that we have prepared for our customers on the official Diligent Clothes website and choose something for yourself\" \/>\n<meta name=\"robots\" content=\"index, follow, max-snippet:-1, max-image-preview:large, max-video-preview:-1\" \/>\n<link rel=\"canonical\" href=\"https:\/\/diligentclothes.com\/en\/campaign\/soft-power\/\" \/>\n<meta property=\"og:locale\" content=\"en_US\" \/>\n<meta property=\"og:type\" content=\"article\" \/>\n<meta property=\"og:title\" content=\"Soft Power - collection | Diligent Clothes\" \/>\n<meta property=\"og:description\" content=\"See the Soft Power collection that we have prepared for our customers on the official Diligent Clothes website and choose something for yourself\" \/>\n<meta property=\"og:url\" content=\"https:\/\/diligentclothes.com\/en\/campaign\/soft-power\/\" \/>\n<meta property=\"og:site_name\" content=\"DILIGENT Clothes Official Site \/ Poland \/ Fashion Brand based in Warsaw.\" \/>\n<meta property=\"article:modified_time\" content=\"2021-03-29T08:04:57+00:00\" \/>\n<meta property=\"og:image\" content=\"https:\/\/diligentclothes.com\/en\/wp-content\/uploads\/sites\/2\/2019\/09\/1000x720-150x150.jpg\" \/>\n<meta name=\"twitter:card\" content=\"summary_large_image\" \/>\n<meta name=\"twitter:label1\" content=\"Est. reading time\" \/>\n\t<meta name=\"twitter:data1\" content=\"1 minute\" \/>\n<script type=\"application\/ld+json\" class=\"yoast-schema-graph\">{\"@context\":\"https:\/\/schema.org\",\"@graph\":[{\"@type\":\"WebPage\",\"@id\":\"https:\/\/diligentclothes.com\/en\/campaign\/soft-power\/\",\"url\":\"https:\/\/diligentclothes.com\/en\/campaign\/soft-power\/\",\"name\":\"Soft Power - collection | Diligent Clothes\",\"isPartOf\":{\"@id\":\"https:\/\/diligentclothes.com\/en\/#website\"},\"primaryImageOfPage\":{\"@id\":\"https:\/\/diligentclothes.com\/en\/campaign\/soft-power\/#primaryimage\"},\"image\":{\"@id\":\"https:\/\/diligentclothes.com\/en\/campaign\/soft-power\/#primaryimage\"},\"thumbnailUrl\":\"https:\/\/diligentclothes.com\/en\/wp-content\/uploads\/sites\/2\/2019\/09\/1000x720-150x150.jpg\",\"datePublished\":\"2019-09-03T17:16:30+00:00\",\"dateModified\":\"2021-03-29T08:04:57+00:00\",\"description\":\"See the Soft Power collection that we have prepared for our customers on the official Diligent Clothes website and choose something for yourself\",\"breadcrumb\":{\"@id\":\"https:\/\/diligentclothes.com\/en\/campaign\/soft-power\/#breadcrumb\"},\"inLanguage\":\"en-US\",\"potentialAction\":[{\"@type\":\"ReadAction\",\"target\":[\"https:\/\/diligentclothes.com\/en\/campaign\/soft-power\/\"]}]},{\"@type\":\"ImageObject\",\"inLanguage\":\"en-US\",\"@id\":\"https:\/\/diligentclothes.com\/en\/campaign\/soft-power\/#primaryimage\",\"url\":\"https:\/\/diligentclothes.com\/en\/wp-content\/uploads\/sites\/2\/2019\/09\/1000x720-150x150.jpg\",\"contentUrl\":\"https:\/\/diligentclothes.com\/en\/wp-content\/uploads\/sites\/2\/2019\/09\/1000x720-150x150.jpg\"},{\"@type\":\"BreadcrumbList\",\"@id\":\"https:\/\/diligentclothes.com\/en\/campaign\/soft-power\/#breadcrumb\",\"itemListElement\":[{\"@type\":\"ListItem\",\"position\":1,\"name\":\"Strona g\u0142\u00f3wna\",\"item\":\"https:\/\/diligentclothes.com\/en\/\"},{\"@type\":\"ListItem\",\"position\":2,\"name\":\"Campaign\",\"item\":\"https:\/\/diligentclothes.com\/en\/campaign\/\"},{\"@type\":\"ListItem\",\"position\":3,\"name\":\"Soft Power\"}]},{\"@type\":\"WebSite\",\"@id\":\"https:\/\/diligentclothes.com\/en\/#website\",\"url\":\"https:\/\/diligentclothes.com\/en\/\",\"name\":\"DILIGENT Clothes Official Site \/ Poland \/ Fashion Brand based in Warsaw.\",\"description\":\"Welcome to the official DILIGENT website. Explore the online site where you will discover the latest clothes and accessories collections of our project.\",\"potentialAction\":[{\"@type\":\"SearchAction\",\"target\":{\"@type\":\"EntryPoint\",\"urlTemplate\":\"https:\/\/diligentclothes.com\/en\/?s={search_term_string}\"},\"query-input\":{\"@type\":\"PropertyValueSpecification\",\"valueRequired\":true,\"valueName\":\"search_term_string\"}}],\"inLanguage\":\"en-US\"}]}<\/script>\n<!-- \/ Yoast SEO plugin. -->","yoast_head_json":{"title":"Soft Power - collection | Diligent Clothes","description":"See the Soft Power collection that we have prepared for our customers on the official Diligent Clothes website and choose something for yourself","robots":{"index":"index","follow":"follow","max-snippet":"max-snippet:-1","max-image-preview":"max-image-preview:large","max-video-preview":"max-video-preview:-1"},"canonical":"https:\/\/diligentclothes.com\/en\/campaign\/soft-power\/","og_locale":"en_US","og_type":"article","og_title":"Soft Power - collection | Diligent Clothes","og_description":"See the Soft Power collection that we have prepared for our customers on the official Diligent Clothes website and choose something for yourself","og_url":"https:\/\/diligentclothes.com\/en\/campaign\/soft-power\/","og_site_name":"DILIGENT Clothes Official Site \/ Poland \/ Fashion Brand based in Warsaw.","article_modified_time":"2021-03-29T08:04:57+00:00","og_image":[{"url":"https:\/\/diligentclothes.com\/en\/wp-content\/uploads\/sites\/2\/2019\/09\/1000x720-150x150.jpg","type":"","width":"","height":""}],"twitter_card":"summary_large_image","twitter_misc":{"Est. reading time":"1 minute"},"schema":{"@context":"https:\/\/schema.org","@graph":[{"@type":"WebPage","@id":"https:\/\/diligentclothes.com\/en\/campaign\/soft-power\/","url":"https:\/\/diligentclothes.com\/en\/campaign\/soft-power\/","name":"Soft Power - collection | Diligent Clothes","isPartOf":{"@id":"https:\/\/diligentclothes.com\/en\/#website"},"primaryImageOfPage":{"@id":"https:\/\/diligentclothes.com\/en\/campaign\/soft-power\/#primaryimage"},"image":{"@id":"https:\/\/diligentclothes.com\/en\/campaign\/soft-power\/#primaryimage"},"thumbnailUrl":"https:\/\/diligentclothes.com\/en\/wp-content\/uploads\/sites\/2\/2019\/09\/1000x720-150x150.jpg","datePublished":"2019-09-03T17:16:30+00:00","dateModified":"2021-03-29T08:04:57+00:00","description":"See the Soft Power collection that we have prepared for our customers on the official Diligent Clothes website and choose something for yourself","breadcrumb":{"@id":"https:\/\/diligentclothes.com\/en\/campaign\/soft-power\/#breadcrumb"},"inLanguage":"en-US","potentialAction":[{"@type":"ReadAction","target":["https:\/\/diligentclothes.com\/en\/campaign\/soft-power\/"]}]},{"@type":"ImageObject","inLanguage":"en-US","@id":"https:\/\/diligentclothes.com\/en\/campaign\/soft-power\/#primaryimage","url":"https:\/\/diligentclothes.com\/en\/wp-content\/uploads\/sites\/2\/2019\/09\/1000x720-150x150.jpg","contentUrl":"https:\/\/diligentclothes.com\/en\/wp-content\/uploads\/sites\/2\/2019\/09\/1000x720-150x150.jpg"},{"@type":"BreadcrumbList","@id":"https:\/\/diligentclothes.com\/en\/campaign\/soft-power\/#breadcrumb","itemListElement":[{"@type":"ListItem","position":1,"name":"Strona g\u0142\u00f3wna","item":"https:\/\/diligentclothes.com\/en\/"},{"@type":"ListItem","position":2,"name":"Campaign","item":"https:\/\/diligentclothes.com\/en\/campaign\/"},{"@type":"ListItem","position":3,"name":"Soft Power"}]},{"@type":"WebSite","@id":"https:\/\/diligentclothes.com\/en\/#website","url":"https:\/\/diligentclothes.com\/en\/","name":"DILIGENT Clothes Official Site \/ Poland \/ Fashion Brand based in Warsaw.","description":"Welcome to the official DILIGENT website. Explore the online site where you will discover the latest clothes and accessories collections of our project.","potentialAction":[{"@type":"SearchAction","target":{"@type":"EntryPoint","urlTemplate":"https:\/\/diligentclothes.com\/en\/?s={search_term_string}"},"query-input":{"@type":"PropertyValueSpecification","valueRequired":true,"valueName":"search_term_string"}}],"inLanguage":"en-US"}]}},"_links":{"self":[{"href":"https:\/\/diligentclothes.com\/en\/wp-json\/wp\/v2\/pages\/222","targetHints":{"allow":["GET"]}}],"collection":[{"href":"https:\/\/diligentclothes.com\/en\/wp-json\/wp\/v2\/pages"}],"about":[{"href":"https:\/\/diligentclothes.com\/en\/wp-json\/wp\/v2\/types\/page"}],"author":[{"embeddable":true,"href":"https:\/\/diligentclothes.com\/en\/wp-json\/wp\/v2\/users\/1"}],"replies":[{"embeddable":true,"href":"https:\/\/diligentclothes.com\/en\/wp-json\/wp\/v2\/comments?post=222"}],"version-history":[{"count":6,"href":"https:\/\/diligentclothes.com\/en\/wp-json\/wp\/v2\/pages\/222\/revisions"}],"predecessor-version":[{"id":2054,"href":"https:\/\/diligentclothes.com\/en\/wp-json\/wp\/v2\/pages\/222\/revisions\/2054"}],"up":[{"embeddable":true,"href":"https:\/\/diligentclothes.com\/en\/wp-json\/wp\/v2\/pages\/194"}],"wp:attachment":[{"href":"https:\/\/diligentclothes.com\/en\/wp-json\/wp\/v2\/media?parent=222"}],"curies":[{"name":"wp","href":"https:\/\/api.w.org\/{rel}","templated":true}]}}