{"id":275,"date":"2019-09-03T21:06:38","date_gmt":"2019-09-03T19:06:38","guid":{"rendered":"https:\/\/diligentclothes.com\/en\/?page_id=275"},"modified":"2021-03-29T09:59:29","modified_gmt":"2021-03-29T07:59:29","slug":"great-delusion","status":"publish","type":"page","link":"https:\/\/diligentclothes.com\/en\/campaign\/great-delusion\/","title":{"rendered":"Great Delusion"},"content":{"rendered":"\n<div class=\"wp-block-image\"><figure class=\"alignleft\"><img loading=\"lazy\" decoding=\"async\" width=\"243\" height=\"268\" src=\"https:\/\/diligentclothes.com\/en\/wp-content\/uploads\/sites\/2\/2019\/09\/pf-2.jpg\" alt=\"\" class=\"wp-image-293\"\/><\/figure><\/div>\n\n\n\n<p>Nazywam si\u0119 Szymon Piotr Paluch. Mam dwadzie\u015bcia jeden lat i pochodz\u0119 z Wroc\u0142awia.<br>Nie jestem profesjonalnym modelem, ale to dla mnie forma wyrazu artystycznego, aktorstwa. Osobi\u015bcie nie znaczy dla mnie nic szczeg\u00f3lnego, chyba, \u017ce w roli obserwatora \u2013 lubi\u0119 i \u015bledz\u0119 du\u017co modelek i modeli.<\/p>\n\n\n\n<p>Jestem gadu\u0142\u0105, uzale\u017cnion\u0105 od s\u0142uchawek i g\u0142upich \u017cart\u00f3w. Inspiruj\u0105 mnie znajomi, kultowe filmy i seriale. W r\u00f3\u017cnych okresach mam zajawk\u0119 na r\u00f3\u017cnych projektant\u00f3w- lubi\u0119 wtedy pozna\u0107 ich od pocz\u0105tku do ko\u0144ca. Im jestem starszy tym mniej zwracam na to uwag\u0119, ludzie s\u0105 teraz bardziej swiadomi siebie i swojego wygl\u0105du. To zale\u017cy te\u017c, od tego, w jakim jestem miejscu.<\/p>\n\n\n\n<p>Moj\u0105 najwi\u0119ksz\u0105 pasj\u0105 jest oczywi\u015bcie moda. Jestem m\u0142ody i na razie skupiam si\u0119 na zdobywaniu wiedzy u boku bardziej do\u015bwiadczonych i starszych.<\/p>\n\n\n\n<p>Ambitny to cz\u0142owiek z celem, d\u0105\u017c\u0105cy do niego, mimo do\u0142k\u00f3w i przeciwno\u015bci.Ambicje nap\u0119dzaj\u0105 do dzia\u0142ania, daj\u0105 pow\u00f3d, \u017ceby wsta\u0107 z \u0142\u00f3\u017cka i robi\u0107 swoje.<\/p>\n\n\n\n<div class=\"wp-block-image\"><figure class=\"alignright\"><img loading=\"lazy\" decoding=\"async\" width=\"243\" height=\"268\" src=\"https:\/\/diligentclothes.com\/en\/wp-content\/uploads\/sites\/2\/2019\/09\/pf-1.jpg\" alt=\"\" class=\"wp-image-292\"\/><\/figure><\/div>\n\n\n\n<p>Nazywam si\u0119 Konrad Mizera. Mam dziewi\u0119tna\u015bcie lat i pochodz\u0119 z Warszawy.<\/p>\n","protected":false},"excerpt":{"rendered":"<p>Nazywam si\u0119 Szymon Piotr Paluch. Mam dwadzie\u015bcia jeden lat i pochodz\u0119 z Wroc\u0142awia.Nie jestem profesjonalnym modelem, ale to dla mnie forma wyrazu artystycznego, aktorstwa. Osobi\u015bcie nie znaczy dla mnie nic szczeg\u00f3lnego, chyba, \u017ce w roli obserwatora \u2013 lubi\u0119 i \u015bledz\u0119 du\u017co modelek i modeli. Jestem gadu\u0142\u0105, uzale\u017cnion\u0105 od s\u0142uchawek i g\u0142upich \u017cart\u00f3w. Inspiruj\u0105 mnie znajomi, &hellip; <a href=\"https:\/\/diligentclothes.com\/en\/campaign\/great-delusion\/\">Continued<\/a><\/p>\n","protected":false},"author":1,"featured_media":0,"parent":194,"menu_order":0,"comment_status":"closed","ping_status":"closed","template":"views\/campaign.blade.php","meta":{"_acf_changed":false,"footnotes":""},"class_list":["post-275","page","type-page","status-publish","hentry"],"acf":[],"yoast_head":"<!-- This site is optimized with the Yoast SEO plugin v26.8 - https:\/\/yoast.com\/product\/yoast-seo-wordpress\/ -->\n<title>Great Delusion - collection | Diligent Clothes<\/title>\n<meta name=\"description\" content=\"See the Great Delusion collection that we have prepared for our customers on the official Diligent Clothes website and choose something for yourself.\" \/>\n<meta name=\"robots\" content=\"index, follow, max-snippet:-1, max-image-preview:large, max-video-preview:-1\" \/>\n<link rel=\"canonical\" href=\"https:\/\/diligentclothes.com\/en\/campaign\/great-delusion\/\" \/>\n<meta property=\"og:locale\" content=\"en_US\" \/>\n<meta property=\"og:type\" content=\"article\" \/>\n<meta property=\"og:title\" content=\"Great Delusion - collection | Diligent Clothes\" \/>\n<meta property=\"og:description\" content=\"See the Great Delusion collection that we have prepared for our customers on the official Diligent Clothes website and choose something for yourself.\" \/>\n<meta property=\"og:url\" content=\"https:\/\/diligentclothes.com\/en\/campaign\/great-delusion\/\" \/>\n<meta property=\"og:site_name\" content=\"DILIGENT Clothes Official Site \/ Poland \/ Fashion Brand based in Warsaw.\" \/>\n<meta property=\"article:modified_time\" content=\"2021-03-29T07:59:29+00:00\" \/>\n<meta property=\"og:image\" content=\"https:\/\/diligentclothes.com\/en\/wp-content\/uploads\/sites\/2\/2019\/09\/pf-2.jpg\" \/>\n<meta name=\"twitter:card\" content=\"summary_large_image\" \/>\n<meta name=\"twitter:label1\" content=\"Est. reading time\" \/>\n\t<meta name=\"twitter:data1\" content=\"2 minutes\" \/>\n<script type=\"application\/ld+json\" class=\"yoast-schema-graph\">{\"@context\":\"https:\/\/schema.org\",\"@graph\":[{\"@type\":\"WebPage\",\"@id\":\"https:\/\/diligentclothes.com\/en\/campaign\/great-delusion\/\",\"url\":\"https:\/\/diligentclothes.com\/en\/campaign\/great-delusion\/\",\"name\":\"Great Delusion - collection | Diligent Clothes\",\"isPartOf\":{\"@id\":\"https:\/\/diligentclothes.com\/en\/#website\"},\"primaryImageOfPage\":{\"@id\":\"https:\/\/diligentclothes.com\/en\/campaign\/great-delusion\/#primaryimage\"},\"image\":{\"@id\":\"https:\/\/diligentclothes.com\/en\/campaign\/great-delusion\/#primaryimage\"},\"thumbnailUrl\":\"https:\/\/diligentclothes.com\/en\/wp-content\/uploads\/sites\/2\/2019\/09\/pf-2.jpg\",\"datePublished\":\"2019-09-03T19:06:38+00:00\",\"dateModified\":\"2021-03-29T07:59:29+00:00\",\"description\":\"See the Great Delusion collection that we have prepared for our customers on the official Diligent Clothes website and choose something for yourself.\",\"breadcrumb\":{\"@id\":\"https:\/\/diligentclothes.com\/en\/campaign\/great-delusion\/#breadcrumb\"},\"inLanguage\":\"en-US\",\"potentialAction\":[{\"@type\":\"ReadAction\",\"target\":[\"https:\/\/diligentclothes.com\/en\/campaign\/great-delusion\/\"]}]},{\"@type\":\"ImageObject\",\"inLanguage\":\"en-US\",\"@id\":\"https:\/\/diligentclothes.com\/en\/campaign\/great-delusion\/#primaryimage\",\"url\":\"https:\/\/diligentclothes.com\/en\/wp-content\/uploads\/sites\/2\/2019\/09\/pf-2.jpg\",\"contentUrl\":\"https:\/\/diligentclothes.com\/en\/wp-content\/uploads\/sites\/2\/2019\/09\/pf-2.jpg\",\"width\":243,\"height\":268},{\"@type\":\"BreadcrumbList\",\"@id\":\"https:\/\/diligentclothes.com\/en\/campaign\/great-delusion\/#breadcrumb\",\"itemListElement\":[{\"@type\":\"ListItem\",\"position\":1,\"name\":\"Strona g\u0142\u00f3wna\",\"item\":\"https:\/\/diligentclothes.com\/en\/\"},{\"@type\":\"ListItem\",\"position\":2,\"name\":\"Campaign\",\"item\":\"https:\/\/diligentclothes.com\/en\/campaign\/\"},{\"@type\":\"ListItem\",\"position\":3,\"name\":\"Great Delusion\"}]},{\"@type\":\"WebSite\",\"@id\":\"https:\/\/diligentclothes.com\/en\/#website\",\"url\":\"https:\/\/diligentclothes.com\/en\/\",\"name\":\"DILIGENT Clothes Official Site \/ Poland \/ Fashion Brand based in Warsaw.\",\"description\":\"Welcome to the official DILIGENT website. Explore the online site where you will discover the latest clothes and accessories collections of our project.\",\"potentialAction\":[{\"@type\":\"SearchAction\",\"target\":{\"@type\":\"EntryPoint\",\"urlTemplate\":\"https:\/\/diligentclothes.com\/en\/?s={search_term_string}\"},\"query-input\":{\"@type\":\"PropertyValueSpecification\",\"valueRequired\":true,\"valueName\":\"search_term_string\"}}],\"inLanguage\":\"en-US\"}]}<\/script>\n<!-- \/ Yoast SEO plugin. -->","yoast_head_json":{"title":"Great Delusion - collection | Diligent Clothes","description":"See the Great Delusion collection that we have prepared for our customers on the official Diligent Clothes website and choose something for yourself.","robots":{"index":"index","follow":"follow","max-snippet":"max-snippet:-1","max-image-preview":"max-image-preview:large","max-video-preview":"max-video-preview:-1"},"canonical":"https:\/\/diligentclothes.com\/en\/campaign\/great-delusion\/","og_locale":"en_US","og_type":"article","og_title":"Great Delusion - collection | Diligent Clothes","og_description":"See the Great Delusion collection that we have prepared for our customers on the official Diligent Clothes website and choose something for yourself.","og_url":"https:\/\/diligentclothes.com\/en\/campaign\/great-delusion\/","og_site_name":"DILIGENT Clothes Official Site \/ Poland \/ Fashion Brand based in Warsaw.","article_modified_time":"2021-03-29T07:59:29+00:00","og_image":[{"url":"https:\/\/diligentclothes.com\/en\/wp-content\/uploads\/sites\/2\/2019\/09\/pf-2.jpg","type":"","width":"","height":""}],"twitter_card":"summary_large_image","twitter_misc":{"Est. reading time":"2 minutes"},"schema":{"@context":"https:\/\/schema.org","@graph":[{"@type":"WebPage","@id":"https:\/\/diligentclothes.com\/en\/campaign\/great-delusion\/","url":"https:\/\/diligentclothes.com\/en\/campaign\/great-delusion\/","name":"Great Delusion - collection | Diligent Clothes","isPartOf":{"@id":"https:\/\/diligentclothes.com\/en\/#website"},"primaryImageOfPage":{"@id":"https:\/\/diligentclothes.com\/en\/campaign\/great-delusion\/#primaryimage"},"image":{"@id":"https:\/\/diligentclothes.com\/en\/campaign\/great-delusion\/#primaryimage"},"thumbnailUrl":"https:\/\/diligentclothes.com\/en\/wp-content\/uploads\/sites\/2\/2019\/09\/pf-2.jpg","datePublished":"2019-09-03T19:06:38+00:00","dateModified":"2021-03-29T07:59:29+00:00","description":"See the Great Delusion collection that we have prepared for our customers on the official Diligent Clothes website and choose something for yourself.","breadcrumb":{"@id":"https:\/\/diligentclothes.com\/en\/campaign\/great-delusion\/#breadcrumb"},"inLanguage":"en-US","potentialAction":[{"@type":"ReadAction","target":["https:\/\/diligentclothes.com\/en\/campaign\/great-delusion\/"]}]},{"@type":"ImageObject","inLanguage":"en-US","@id":"https:\/\/diligentclothes.com\/en\/campaign\/great-delusion\/#primaryimage","url":"https:\/\/diligentclothes.com\/en\/wp-content\/uploads\/sites\/2\/2019\/09\/pf-2.jpg","contentUrl":"https:\/\/diligentclothes.com\/en\/wp-content\/uploads\/sites\/2\/2019\/09\/pf-2.jpg","width":243,"height":268},{"@type":"BreadcrumbList","@id":"https:\/\/diligentclothes.com\/en\/campaign\/great-delusion\/#breadcrumb","itemListElement":[{"@type":"ListItem","position":1,"name":"Strona g\u0142\u00f3wna","item":"https:\/\/diligentclothes.com\/en\/"},{"@type":"ListItem","position":2,"name":"Campaign","item":"https:\/\/diligentclothes.com\/en\/campaign\/"},{"@type":"ListItem","position":3,"name":"Great Delusion"}]},{"@type":"WebSite","@id":"https:\/\/diligentclothes.com\/en\/#website","url":"https:\/\/diligentclothes.com\/en\/","name":"DILIGENT Clothes Official Site \/ Poland \/ Fashion Brand based in Warsaw.","description":"Welcome to the official DILIGENT website. Explore the online site where you will discover the latest clothes and accessories collections of our project.","potentialAction":[{"@type":"SearchAction","target":{"@type":"EntryPoint","urlTemplate":"https:\/\/diligentclothes.com\/en\/?s={search_term_string}"},"query-input":{"@type":"PropertyValueSpecification","valueRequired":true,"valueName":"search_term_string"}}],"inLanguage":"en-US"}]}},"_links":{"self":[{"href":"https:\/\/diligentclothes.com\/en\/wp-json\/wp\/v2\/pages\/275","targetHints":{"allow":["GET"]}}],"collection":[{"href":"https:\/\/diligentclothes.com\/en\/wp-json\/wp\/v2\/pages"}],"about":[{"href":"https:\/\/diligentclothes.com\/en\/wp-json\/wp\/v2\/types\/page"}],"author":[{"embeddable":true,"href":"https:\/\/diligentclothes.com\/en\/wp-json\/wp\/v2\/users\/1"}],"replies":[{"embeddable":true,"href":"https:\/\/diligentclothes.com\/en\/wp-json\/wp\/v2\/comments?post=275"}],"version-history":[{"count":11,"href":"https:\/\/diligentclothes.com\/en\/wp-json\/wp\/v2\/pages\/275\/revisions"}],"predecessor-version":[{"id":2053,"href":"https:\/\/diligentclothes.com\/en\/wp-json\/wp\/v2\/pages\/275\/revisions\/2053"}],"up":[{"embeddable":true,"href":"https:\/\/diligentclothes.com\/en\/wp-json\/wp\/v2\/pages\/194"}],"wp:attachment":[{"href":"https:\/\/diligentclothes.com\/en\/wp-json\/wp\/v2\/media?parent=275"}],"curies":[{"name":"wp","href":"https:\/\/api.w.org\/{rel}","templated":true}]}}