{"id":330,"date":"2019-09-03T22:22:06","date_gmt":"2019-09-03T20:22:06","guid":{"rendered":"https:\/\/diligentclothes.com\/en\/?page_id=330"},"modified":"2021-03-29T13:15:55","modified_gmt":"2021-03-29T11:15:55","slug":"soft-power","status":"publish","type":"page","link":"https:\/\/diligentclothes.com\/en\/look-book\/soft-power\/","title":{"rendered":"Soft Power"},"content":{"rendered":"\n<p><strong>RESORT 2017<\/strong><\/p>\n\n\n\n<p>Inspiracj\u0105 do stworzenia kolekcji Soft Power na sezon 2017 marki Diligent by\u0142a moda lat 80\/90 oraz silny wp\u0142yw garderoby o charakterze jeansowym i oversizowym. Silnym bod\u017acem by\u0142a moda ulicy i spontaniczne zestawienia na poz\u00f3r nie pasuj\u0105cych ze sob\u0105 element\u00f3w. Kolorystyka kolekcji opiera si\u0119 na odcieniach r\u00f3\u017cu, b\u0142\u0119kitu i granatu. Mocnym akcentem s\u0105 odcienie starego z\u0142ota. Kolekcja Soft Power skierowana jest do m\u0142odych, silnych i \u015bwiadomych kobiet, kt\u00f3re czuj\u0105 si\u0119 pewnie w du\u017cych, geometrycznych fasonach. Swoj\u0105 seksualno\u015b\u0107 podkre\u015blaj\u0105 przezroczystymi tkaninami, co nie przeszkadza w zestawieniu z zabaw\u0105 zmiany proporcji sylwetki. Kolekcja zbudowana jest na zasadzie kontrastu. Sport zostawiony jest z elegancj\u0105, mat z b\u0142yskiem, szlachetne tkaniny z technicznymi, a detale, jak lampasy, z jedwabnymi kokardkami. Mocnym akcentem jest denim, w klasycznym \u201ejeansowym charakterze\u201d, kt\u00f3ry dodaje luzu oraz ulicznego wdzi\u0119ku kolekcji.<\/p>\n","protected":false},"excerpt":{"rendered":"<p>RESORT 2017 Inspiracj\u0105 do stworzenia kolekcji Soft Power na sezon 2017 marki Diligent by\u0142a moda lat 80\/90 oraz silny wp\u0142yw garderoby o charakterze jeansowym i oversizowym. Silnym bod\u017acem by\u0142a moda ulicy i spontaniczne zestawienia na poz\u00f3r nie pasuj\u0105cych ze sob\u0105 element\u00f3w. Kolorystyka kolekcji opiera si\u0119 na odcieniach r\u00f3\u017cu, b\u0142\u0119kitu i granatu. Mocnym akcentem s\u0105 odcienie &hellip; <a href=\"https:\/\/diligentclothes.com\/en\/look-book\/soft-power\/\">Continued<\/a><\/p>\n","protected":false},"author":1,"featured_media":0,"parent":196,"menu_order":0,"comment_status":"closed","ping_status":"closed","template":"views\/lookbook.blade.php","meta":{"_acf_changed":false,"footnotes":""},"class_list":["post-330","page","type-page","status-publish","hentry"],"acf":[],"yoast_head":"<!-- This site is optimized with the Yoast SEO plugin v26.8 - https:\/\/yoast.com\/product\/yoast-seo-wordpress\/ -->\n<title>Soft Power - lookbook | Diligent Clothes<\/title>\n<meta name=\"description\" content=\"Zobacz kolekcj\u0119 Soft Power, kt\u00f3r\u0105 przygotowali\u015bmy dla naszych klient\u00f3w. Dowiedz si\u0119 wi\u0119cej o kolekcji na stronie Diligent Clothes.\" \/>\n<meta name=\"robots\" content=\"index, follow, max-snippet:-1, max-image-preview:large, max-video-preview:-1\" \/>\n<link rel=\"canonical\" href=\"https:\/\/diligentclothes.com\/en\/look-book\/soft-power\/\" \/>\n<meta property=\"og:locale\" content=\"en_US\" \/>\n<meta property=\"og:type\" content=\"article\" \/>\n<meta property=\"og:title\" content=\"Soft Power - lookbook | Diligent Clothes\" \/>\n<meta property=\"og:description\" content=\"Zobacz kolekcj\u0119 Soft Power, kt\u00f3r\u0105 przygotowali\u015bmy dla naszych klient\u00f3w. Dowiedz si\u0119 wi\u0119cej o kolekcji na stronie Diligent Clothes.\" \/>\n<meta property=\"og:url\" content=\"https:\/\/diligentclothes.com\/en\/look-book\/soft-power\/\" \/>\n<meta property=\"og:site_name\" content=\"DILIGENT Clothes Official Site \/ Poland \/ Fashion Brand based in Warsaw.\" \/>\n<meta property=\"article:modified_time\" content=\"2021-03-29T11:15:55+00:00\" \/>\n<meta name=\"twitter:card\" content=\"summary_large_image\" \/>\n<meta name=\"twitter:label1\" content=\"Est. reading time\" \/>\n\t<meta name=\"twitter:data1\" content=\"1 minute\" \/>\n<script type=\"application\/ld+json\" class=\"yoast-schema-graph\">{\"@context\":\"https:\/\/schema.org\",\"@graph\":[{\"@type\":\"WebPage\",\"@id\":\"https:\/\/diligentclothes.com\/en\/look-book\/soft-power\/\",\"url\":\"https:\/\/diligentclothes.com\/en\/look-book\/soft-power\/\",\"name\":\"Soft Power - lookbook | Diligent Clothes\",\"isPartOf\":{\"@id\":\"https:\/\/diligentclothes.com\/en\/#website\"},\"datePublished\":\"2019-09-03T20:22:06+00:00\",\"dateModified\":\"2021-03-29T11:15:55+00:00\",\"description\":\"Zobacz kolekcj\u0119 Soft Power, kt\u00f3r\u0105 przygotowali\u015bmy dla naszych klient\u00f3w. Dowiedz si\u0119 wi\u0119cej o kolekcji na stronie Diligent Clothes.\",\"breadcrumb\":{\"@id\":\"https:\/\/diligentclothes.com\/en\/look-book\/soft-power\/#breadcrumb\"},\"inLanguage\":\"en-US\",\"potentialAction\":[{\"@type\":\"ReadAction\",\"target\":[\"https:\/\/diligentclothes.com\/en\/look-book\/soft-power\/\"]}]},{\"@type\":\"BreadcrumbList\",\"@id\":\"https:\/\/diligentclothes.com\/en\/look-book\/soft-power\/#breadcrumb\",\"itemListElement\":[{\"@type\":\"ListItem\",\"position\":1,\"name\":\"Strona g\u0142\u00f3wna\",\"item\":\"https:\/\/diligentclothes.com\/en\/\"},{\"@type\":\"ListItem\",\"position\":2,\"name\":\"Private: Look book\",\"item\":\"https:\/\/diligentclothes.com\/en\/?page_id=196\"},{\"@type\":\"ListItem\",\"position\":3,\"name\":\"Soft Power\"}]},{\"@type\":\"WebSite\",\"@id\":\"https:\/\/diligentclothes.com\/en\/#website\",\"url\":\"https:\/\/diligentclothes.com\/en\/\",\"name\":\"DILIGENT Clothes Official Site \/ Poland \/ Fashion Brand based in Warsaw.\",\"description\":\"Welcome to the official DILIGENT website. Explore the online site where you will discover the latest clothes and accessories collections of our project.\",\"potentialAction\":[{\"@type\":\"SearchAction\",\"target\":{\"@type\":\"EntryPoint\",\"urlTemplate\":\"https:\/\/diligentclothes.com\/en\/?s={search_term_string}\"},\"query-input\":{\"@type\":\"PropertyValueSpecification\",\"valueRequired\":true,\"valueName\":\"search_term_string\"}}],\"inLanguage\":\"en-US\"}]}<\/script>\n<!-- \/ Yoast SEO plugin. -->","yoast_head_json":{"title":"Soft Power - lookbook | Diligent Clothes","description":"Zobacz kolekcj\u0119 Soft Power, kt\u00f3r\u0105 przygotowali\u015bmy dla naszych klient\u00f3w. Dowiedz si\u0119 wi\u0119cej o kolekcji na stronie Diligent Clothes.","robots":{"index":"index","follow":"follow","max-snippet":"max-snippet:-1","max-image-preview":"max-image-preview:large","max-video-preview":"max-video-preview:-1"},"canonical":"https:\/\/diligentclothes.com\/en\/look-book\/soft-power\/","og_locale":"en_US","og_type":"article","og_title":"Soft Power - lookbook | Diligent Clothes","og_description":"Zobacz kolekcj\u0119 Soft Power, kt\u00f3r\u0105 przygotowali\u015bmy dla naszych klient\u00f3w. Dowiedz si\u0119 wi\u0119cej o kolekcji na stronie Diligent Clothes.","og_url":"https:\/\/diligentclothes.com\/en\/look-book\/soft-power\/","og_site_name":"DILIGENT Clothes Official Site \/ Poland \/ Fashion Brand based in Warsaw.","article_modified_time":"2021-03-29T11:15:55+00:00","twitter_card":"summary_large_image","twitter_misc":{"Est. reading time":"1 minute"},"schema":{"@context":"https:\/\/schema.org","@graph":[{"@type":"WebPage","@id":"https:\/\/diligentclothes.com\/en\/look-book\/soft-power\/","url":"https:\/\/diligentclothes.com\/en\/look-book\/soft-power\/","name":"Soft Power - lookbook | Diligent Clothes","isPartOf":{"@id":"https:\/\/diligentclothes.com\/en\/#website"},"datePublished":"2019-09-03T20:22:06+00:00","dateModified":"2021-03-29T11:15:55+00:00","description":"Zobacz kolekcj\u0119 Soft Power, kt\u00f3r\u0105 przygotowali\u015bmy dla naszych klient\u00f3w. Dowiedz si\u0119 wi\u0119cej o kolekcji na stronie Diligent Clothes.","breadcrumb":{"@id":"https:\/\/diligentclothes.com\/en\/look-book\/soft-power\/#breadcrumb"},"inLanguage":"en-US","potentialAction":[{"@type":"ReadAction","target":["https:\/\/diligentclothes.com\/en\/look-book\/soft-power\/"]}]},{"@type":"BreadcrumbList","@id":"https:\/\/diligentclothes.com\/en\/look-book\/soft-power\/#breadcrumb","itemListElement":[{"@type":"ListItem","position":1,"name":"Strona g\u0142\u00f3wna","item":"https:\/\/diligentclothes.com\/en\/"},{"@type":"ListItem","position":2,"name":"Private: Look book","item":"https:\/\/diligentclothes.com\/en\/?page_id=196"},{"@type":"ListItem","position":3,"name":"Soft Power"}]},{"@type":"WebSite","@id":"https:\/\/diligentclothes.com\/en\/#website","url":"https:\/\/diligentclothes.com\/en\/","name":"DILIGENT Clothes Official Site \/ Poland \/ Fashion Brand based in Warsaw.","description":"Welcome to the official DILIGENT website. Explore the online site where you will discover the latest clothes and accessories collections of our project.","potentialAction":[{"@type":"SearchAction","target":{"@type":"EntryPoint","urlTemplate":"https:\/\/diligentclothes.com\/en\/?s={search_term_string}"},"query-input":{"@type":"PropertyValueSpecification","valueRequired":true,"valueName":"search_term_string"}}],"inLanguage":"en-US"}]}},"_links":{"self":[{"href":"https:\/\/diligentclothes.com\/en\/wp-json\/wp\/v2\/pages\/330","targetHints":{"allow":["GET"]}}],"collection":[{"href":"https:\/\/diligentclothes.com\/en\/wp-json\/wp\/v2\/pages"}],"about":[{"href":"https:\/\/diligentclothes.com\/en\/wp-json\/wp\/v2\/types\/page"}],"author":[{"embeddable":true,"href":"https:\/\/diligentclothes.com\/en\/wp-json\/wp\/v2\/users\/1"}],"replies":[{"embeddable":true,"href":"https:\/\/diligentclothes.com\/en\/wp-json\/wp\/v2\/comments?post=330"}],"version-history":[{"count":4,"href":"https:\/\/diligentclothes.com\/en\/wp-json\/wp\/v2\/pages\/330\/revisions"}],"predecessor-version":[{"id":348,"href":"https:\/\/diligentclothes.com\/en\/wp-json\/wp\/v2\/pages\/330\/revisions\/348"}],"up":[{"embeddable":true,"href":"https:\/\/diligentclothes.com\/en\/wp-json\/wp\/v2\/pages\/196"}],"wp:attachment":[{"href":"https:\/\/diligentclothes.com\/en\/wp-json\/wp\/v2\/media?parent=330"}],"curies":[{"name":"wp","href":"https:\/\/api.w.org\/{rel}","templated":true}]}}