{"id":349,"date":"2019-09-03T23:39:21","date_gmt":"2019-09-03T21:39:21","guid":{"rendered":"https:\/\/diligentclothes.com\/en\/?page_id=349"},"modified":"2021-03-29T13:08:35","modified_gmt":"2021-03-29T11:08:35","slug":"black-chain","status":"publish","type":"page","link":"https:\/\/diligentclothes.com\/en\/look-book\/black-chain\/","title":{"rendered":"Black Chain"},"content":{"rendered":"\n<p>Kolekcja \u201eBlack Chain\u201d powsta\u0142a z fascynacji subkultur\u0105 hip-hopu z prze\u0142omu lat 80. i 90. ubieg\u0142ego wieku. Motywem przewodnim by\u0142o graffiti Cope2, inspiruj\u0105ce do wyboru kolorystyki wzor\u00f3w graficznych. Dokonania Cope2 w sztuce ulicznej przyczyni\u0142y si\u0119 te\u017c do nawi\u0105zania wsp\u00f3\u0142pracy z polskim artyst\u0105 tego nurtu o pseudonimie Noriaki.<br>Kszta\u0142t kolekcji nada\u0142y instalacje Aarona Curry. Jego rze\u017aby, wpisane w miejskie przestrzenie, odgrywa\u0142y wa\u017cn\u0105 rol\u0119 przy tworzeniu haft\u00f3w i aplikacji. Paleta barw nawi\u0105zuje do fotografii Roberta Polidori.<br>Sesj\u0119 zdj\u0119ciow\u0105 \u201eBlack Chain\u201d zrealizowano w przestrzeni szkolnej, aby podkre\u015bli\u0107 istot\u0119 wi\u0119zi zachodz\u0105cych w grupie przy zachowaniu indywidualizmu jednostki. W kolekcji pokazano, jak wa\u017cny pozostaje trend oversize przy jednoczesnym zwr\u00f3ceniu uwagi na sylwetk\u0119. Uchwycono istotn\u0105 dla hip-hopu dynamik\u0119, interakcj\u0119 oraz ruch.<br>\u201eBlack Chain\u201d na nowo odkrywa symbole i formy ameryka\u0144skiej subkultury hip-hopu z XX wieku i podkre\u015bla jej uniwersalizm.<\/p>\n","protected":false},"excerpt":{"rendered":"<p>Kolekcja \u201eBlack Chain\u201d powsta\u0142a z fascynacji subkultur\u0105 hip-hopu z prze\u0142omu lat 80. i 90. ubieg\u0142ego wieku. Motywem przewodnim by\u0142o graffiti Cope2, inspiruj\u0105ce do wyboru kolorystyki wzor\u00f3w graficznych. Dokonania Cope2 w sztuce ulicznej przyczyni\u0142y si\u0119 te\u017c do nawi\u0105zania wsp\u00f3\u0142pracy z polskim artyst\u0105 tego nurtu o pseudonimie Noriaki.Kszta\u0142t kolekcji nada\u0142y instalacje Aarona Curry. Jego rze\u017aby, wpisane w &hellip; <a href=\"https:\/\/diligentclothes.com\/en\/look-book\/black-chain\/\">Continued<\/a><\/p>\n","protected":false},"author":1,"featured_media":0,"parent":196,"menu_order":0,"comment_status":"closed","ping_status":"closed","template":"views\/lookbook.blade.php","meta":{"_acf_changed":false,"footnotes":""},"class_list":["post-349","page","type-page","status-publish","hentry"],"acf":[],"yoast_head":"<!-- This site is optimized with the Yoast SEO plugin v26.8 - https:\/\/yoast.com\/product\/yoast-seo-wordpress\/ -->\n<title>Black Chain - lookbook | Diligent Clothes<\/title>\n<meta name=\"description\" content=\"See the Black Chain collection that we have prepared for our clients. Find out more about the collection on the Diligent Clothes page.\" \/>\n<meta name=\"robots\" content=\"index, follow, max-snippet:-1, max-image-preview:large, max-video-preview:-1\" \/>\n<link rel=\"canonical\" href=\"https:\/\/diligentclothes.com\/en\/look-book\/black-chain\/\" \/>\n<meta property=\"og:locale\" content=\"en_US\" \/>\n<meta property=\"og:type\" content=\"article\" \/>\n<meta property=\"og:title\" content=\"Black Chain - lookbook | Diligent Clothes\" \/>\n<meta property=\"og:description\" content=\"See the Black Chain collection that we have prepared for our clients. Find out more about the collection on the Diligent Clothes page.\" \/>\n<meta property=\"og:url\" content=\"https:\/\/diligentclothes.com\/en\/look-book\/black-chain\/\" \/>\n<meta property=\"og:site_name\" content=\"DILIGENT Clothes Official Site \/ Poland \/ Fashion Brand based in Warsaw.\" \/>\n<meta property=\"article:modified_time\" content=\"2021-03-29T11:08:35+00:00\" \/>\n<meta name=\"twitter:card\" content=\"summary_large_image\" \/>\n<meta name=\"twitter:label1\" content=\"Est. reading time\" \/>\n\t<meta name=\"twitter:data1\" content=\"1 minute\" \/>\n<script type=\"application\/ld+json\" class=\"yoast-schema-graph\">{\"@context\":\"https:\/\/schema.org\",\"@graph\":[{\"@type\":\"WebPage\",\"@id\":\"https:\/\/diligentclothes.com\/en\/look-book\/black-chain\/\",\"url\":\"https:\/\/diligentclothes.com\/en\/look-book\/black-chain\/\",\"name\":\"Black Chain - lookbook | Diligent Clothes\",\"isPartOf\":{\"@id\":\"https:\/\/diligentclothes.com\/en\/#website\"},\"datePublished\":\"2019-09-03T21:39:21+00:00\",\"dateModified\":\"2021-03-29T11:08:35+00:00\",\"description\":\"See the Black Chain collection that we have prepared for our clients. Find out more about the collection on the Diligent Clothes page.\",\"breadcrumb\":{\"@id\":\"https:\/\/diligentclothes.com\/en\/look-book\/black-chain\/#breadcrumb\"},\"inLanguage\":\"en-US\",\"potentialAction\":[{\"@type\":\"ReadAction\",\"target\":[\"https:\/\/diligentclothes.com\/en\/look-book\/black-chain\/\"]}]},{\"@type\":\"BreadcrumbList\",\"@id\":\"https:\/\/diligentclothes.com\/en\/look-book\/black-chain\/#breadcrumb\",\"itemListElement\":[{\"@type\":\"ListItem\",\"position\":1,\"name\":\"Strona g\u0142\u00f3wna\",\"item\":\"https:\/\/diligentclothes.com\/en\/\"},{\"@type\":\"ListItem\",\"position\":2,\"name\":\"Private: Look book\",\"item\":\"https:\/\/diligentclothes.com\/en\/?page_id=196\"},{\"@type\":\"ListItem\",\"position\":3,\"name\":\"Black Chain\"}]},{\"@type\":\"WebSite\",\"@id\":\"https:\/\/diligentclothes.com\/en\/#website\",\"url\":\"https:\/\/diligentclothes.com\/en\/\",\"name\":\"DILIGENT Clothes Official Site \/ Poland \/ Fashion Brand based in Warsaw.\",\"description\":\"Welcome to the official DILIGENT website. Explore the online site where you will discover the latest clothes and accessories collections of our project.\",\"potentialAction\":[{\"@type\":\"SearchAction\",\"target\":{\"@type\":\"EntryPoint\",\"urlTemplate\":\"https:\/\/diligentclothes.com\/en\/?s={search_term_string}\"},\"query-input\":{\"@type\":\"PropertyValueSpecification\",\"valueRequired\":true,\"valueName\":\"search_term_string\"}}],\"inLanguage\":\"en-US\"}]}<\/script>\n<!-- \/ Yoast SEO plugin. -->","yoast_head_json":{"title":"Black Chain - lookbook | Diligent Clothes","description":"See the Black Chain collection that we have prepared for our clients. Find out more about the collection on the Diligent Clothes page.","robots":{"index":"index","follow":"follow","max-snippet":"max-snippet:-1","max-image-preview":"max-image-preview:large","max-video-preview":"max-video-preview:-1"},"canonical":"https:\/\/diligentclothes.com\/en\/look-book\/black-chain\/","og_locale":"en_US","og_type":"article","og_title":"Black Chain - lookbook | Diligent Clothes","og_description":"See the Black Chain collection that we have prepared for our clients. Find out more about the collection on the Diligent Clothes page.","og_url":"https:\/\/diligentclothes.com\/en\/look-book\/black-chain\/","og_site_name":"DILIGENT Clothes Official Site \/ Poland \/ Fashion Brand based in Warsaw.","article_modified_time":"2021-03-29T11:08:35+00:00","twitter_card":"summary_large_image","twitter_misc":{"Est. reading time":"1 minute"},"schema":{"@context":"https:\/\/schema.org","@graph":[{"@type":"WebPage","@id":"https:\/\/diligentclothes.com\/en\/look-book\/black-chain\/","url":"https:\/\/diligentclothes.com\/en\/look-book\/black-chain\/","name":"Black Chain - lookbook | Diligent Clothes","isPartOf":{"@id":"https:\/\/diligentclothes.com\/en\/#website"},"datePublished":"2019-09-03T21:39:21+00:00","dateModified":"2021-03-29T11:08:35+00:00","description":"See the Black Chain collection that we have prepared for our clients. Find out more about the collection on the Diligent Clothes page.","breadcrumb":{"@id":"https:\/\/diligentclothes.com\/en\/look-book\/black-chain\/#breadcrumb"},"inLanguage":"en-US","potentialAction":[{"@type":"ReadAction","target":["https:\/\/diligentclothes.com\/en\/look-book\/black-chain\/"]}]},{"@type":"BreadcrumbList","@id":"https:\/\/diligentclothes.com\/en\/look-book\/black-chain\/#breadcrumb","itemListElement":[{"@type":"ListItem","position":1,"name":"Strona g\u0142\u00f3wna","item":"https:\/\/diligentclothes.com\/en\/"},{"@type":"ListItem","position":2,"name":"Private: Look book","item":"https:\/\/diligentclothes.com\/en\/?page_id=196"},{"@type":"ListItem","position":3,"name":"Black Chain"}]},{"@type":"WebSite","@id":"https:\/\/diligentclothes.com\/en\/#website","url":"https:\/\/diligentclothes.com\/en\/","name":"DILIGENT Clothes Official Site \/ Poland \/ Fashion Brand based in Warsaw.","description":"Welcome to the official DILIGENT website. Explore the online site where you will discover the latest clothes and accessories collections of our project.","potentialAction":[{"@type":"SearchAction","target":{"@type":"EntryPoint","urlTemplate":"https:\/\/diligentclothes.com\/en\/?s={search_term_string}"},"query-input":{"@type":"PropertyValueSpecification","valueRequired":true,"valueName":"search_term_string"}}],"inLanguage":"en-US"}]}},"_links":{"self":[{"href":"https:\/\/diligentclothes.com\/en\/wp-json\/wp\/v2\/pages\/349","targetHints":{"allow":["GET"]}}],"collection":[{"href":"https:\/\/diligentclothes.com\/en\/wp-json\/wp\/v2\/pages"}],"about":[{"href":"https:\/\/diligentclothes.com\/en\/wp-json\/wp\/v2\/types\/page"}],"author":[{"embeddable":true,"href":"https:\/\/diligentclothes.com\/en\/wp-json\/wp\/v2\/users\/1"}],"replies":[{"embeddable":true,"href":"https:\/\/diligentclothes.com\/en\/wp-json\/wp\/v2\/comments?post=349"}],"version-history":[{"count":2,"href":"https:\/\/diligentclothes.com\/en\/wp-json\/wp\/v2\/pages\/349\/revisions"}],"predecessor-version":[{"id":368,"href":"https:\/\/diligentclothes.com\/en\/wp-json\/wp\/v2\/pages\/349\/revisions\/368"}],"up":[{"embeddable":true,"href":"https:\/\/diligentclothes.com\/en\/wp-json\/wp\/v2\/pages\/196"}],"wp:attachment":[{"href":"https:\/\/diligentclothes.com\/en\/wp-json\/wp\/v2\/media?parent=349"}],"curies":[{"name":"wp","href":"https:\/\/api.w.org\/{rel}","templated":true}]}}