{"id":369,"date":"2019-09-03T23:43:24","date_gmt":"2019-09-03T21:43:24","guid":{"rendered":"https:\/\/diligentclothes.com\/en\/?page_id=369"},"modified":"2021-03-29T13:09:03","modified_gmt":"2021-03-29T11:09:03","slug":"code-colour","status":"publish","type":"page","link":"https:\/\/diligentclothes.com\/en\/look-book\/code-colour\/","title":{"rendered":"Code Colour"},"content":{"rendered":"\n<p><strong>SS16<\/strong><\/p>\n\n\n\n<p>kolekcja CODE COLOUR to projekt duetu SZYMON MR\u00d3ZEK \u2013 MARTA POSPIESZNA na sezon 2016, przy kt\u00f3rym inspirowali si\u0119 energi\u0105 \u015bwiatowych metropolii. CODE COLOUR to flirt wyrafinowanej elegancji i nieszablonowej mody ulicy. znakiem charakterystycznym kolekcji s\u0105 hafty oraz aplikacje realizowane przy wsp\u00f3\u0142pracy z polskimi manufakturami, a motywem przewodnim tatua\u017ce w stylistyce OLD SCHOOL. nietuzinkowe rozwi\u0105zania wida\u0107 te\u017c w kolorze. dominuj\u0105 energetyczny pomara\u0144cz i szlachetny kobalt, nadaj\u0105c kolekcji nowoczesnego charakteru. mocn\u0105 stron\u0105 kolekcji jest mo\u017cliwo\u015b\u0107 skomponowania poszczeg\u00f3lnych stylizacji w zale\u017cno\u015bci od odwagi lub nastroju, a jej wyj\u0105tkowo\u015b\u0107 podkre\u015blaj\u0105 szlachetne i naturalne tkaniny. co najistotniejsze \u2013 nasz\u0105 kolekcj\u0119 wyr\u00f3\u017cnia uniwersalna estetyka, kt\u00f3ra trafia w gusta coraz wi\u0119kszego grona kobiet i m\u0119\u017cczyzn.<\/p>\n","protected":false},"excerpt":{"rendered":"<p>SS16 kolekcja CODE COLOUR to projekt duetu SZYMON MR\u00d3ZEK \u2013 MARTA POSPIESZNA na sezon 2016, przy kt\u00f3rym inspirowali si\u0119 energi\u0105 \u015bwiatowych metropolii. CODE COLOUR to flirt wyrafinowanej elegancji i nieszablonowej mody ulicy. znakiem charakterystycznym kolekcji s\u0105 hafty oraz aplikacje realizowane przy wsp\u00f3\u0142pracy z polskimi manufakturami, a motywem przewodnim tatua\u017ce w stylistyce OLD SCHOOL. nietuzinkowe rozwi\u0105zania &hellip; <a href=\"https:\/\/diligentclothes.com\/en\/look-book\/code-colour\/\">Continued<\/a><\/p>\n","protected":false},"author":1,"featured_media":0,"parent":196,"menu_order":0,"comment_status":"closed","ping_status":"closed","template":"views\/lookbook.blade.php","meta":{"_acf_changed":false,"footnotes":""},"class_list":["post-369","page","type-page","status-publish","hentry"],"acf":[],"yoast_head":"<!-- This site is optimized with the Yoast SEO plugin v26.8 - https:\/\/yoast.com\/product\/yoast-seo-wordpress\/ -->\n<title>Code Colour - lookbook | Diligent Clothes<\/title>\n<meta name=\"description\" content=\"See the Code Color collection that we have prepared for our clients. Find out more about the collection on the Diligent Clothes page.\" \/>\n<meta name=\"robots\" content=\"index, follow, max-snippet:-1, max-image-preview:large, max-video-preview:-1\" \/>\n<link rel=\"canonical\" href=\"https:\/\/diligentclothes.com\/en\/look-book\/code-colour\/\" \/>\n<meta property=\"og:locale\" content=\"en_US\" \/>\n<meta property=\"og:type\" content=\"article\" \/>\n<meta property=\"og:title\" content=\"Code Colour - lookbook | Diligent Clothes\" \/>\n<meta property=\"og:description\" content=\"See the Code Color collection that we have prepared for our clients. Find out more about the collection on the Diligent Clothes page.\" \/>\n<meta property=\"og:url\" content=\"https:\/\/diligentclothes.com\/en\/look-book\/code-colour\/\" \/>\n<meta property=\"og:site_name\" content=\"DILIGENT Clothes Official Site \/ Poland \/ Fashion Brand based in Warsaw.\" \/>\n<meta property=\"article:modified_time\" content=\"2021-03-29T11:09:03+00:00\" \/>\n<meta name=\"twitter:card\" content=\"summary_large_image\" \/>\n<meta name=\"twitter:label1\" content=\"Est. reading time\" \/>\n\t<meta name=\"twitter:data1\" content=\"1 minute\" \/>\n<script type=\"application\/ld+json\" class=\"yoast-schema-graph\">{\"@context\":\"https:\/\/schema.org\",\"@graph\":[{\"@type\":\"WebPage\",\"@id\":\"https:\/\/diligentclothes.com\/en\/look-book\/code-colour\/\",\"url\":\"https:\/\/diligentclothes.com\/en\/look-book\/code-colour\/\",\"name\":\"Code Colour - lookbook | Diligent Clothes\",\"isPartOf\":{\"@id\":\"https:\/\/diligentclothes.com\/en\/#website\"},\"datePublished\":\"2019-09-03T21:43:24+00:00\",\"dateModified\":\"2021-03-29T11:09:03+00:00\",\"description\":\"See the Code Color collection that we have prepared for our clients. Find out more about the collection on the Diligent Clothes page.\",\"breadcrumb\":{\"@id\":\"https:\/\/diligentclothes.com\/en\/look-book\/code-colour\/#breadcrumb\"},\"inLanguage\":\"en-US\",\"potentialAction\":[{\"@type\":\"ReadAction\",\"target\":[\"https:\/\/diligentclothes.com\/en\/look-book\/code-colour\/\"]}]},{\"@type\":\"BreadcrumbList\",\"@id\":\"https:\/\/diligentclothes.com\/en\/look-book\/code-colour\/#breadcrumb\",\"itemListElement\":[{\"@type\":\"ListItem\",\"position\":1,\"name\":\"Strona g\u0142\u00f3wna\",\"item\":\"https:\/\/diligentclothes.com\/en\/\"},{\"@type\":\"ListItem\",\"position\":2,\"name\":\"Private: Look book\",\"item\":\"https:\/\/diligentclothes.com\/en\/?page_id=196\"},{\"@type\":\"ListItem\",\"position\":3,\"name\":\"Code Colour\"}]},{\"@type\":\"WebSite\",\"@id\":\"https:\/\/diligentclothes.com\/en\/#website\",\"url\":\"https:\/\/diligentclothes.com\/en\/\",\"name\":\"DILIGENT Clothes Official Site \/ Poland \/ Fashion Brand based in Warsaw.\",\"description\":\"Welcome to the official DILIGENT website. Explore the online site where you will discover the latest clothes and accessories collections of our project.\",\"potentialAction\":[{\"@type\":\"SearchAction\",\"target\":{\"@type\":\"EntryPoint\",\"urlTemplate\":\"https:\/\/diligentclothes.com\/en\/?s={search_term_string}\"},\"query-input\":{\"@type\":\"PropertyValueSpecification\",\"valueRequired\":true,\"valueName\":\"search_term_string\"}}],\"inLanguage\":\"en-US\"}]}<\/script>\n<!-- \/ Yoast SEO plugin. -->","yoast_head_json":{"title":"Code Colour - lookbook | Diligent Clothes","description":"See the Code Color collection that we have prepared for our clients. Find out more about the collection on the Diligent Clothes page.","robots":{"index":"index","follow":"follow","max-snippet":"max-snippet:-1","max-image-preview":"max-image-preview:large","max-video-preview":"max-video-preview:-1"},"canonical":"https:\/\/diligentclothes.com\/en\/look-book\/code-colour\/","og_locale":"en_US","og_type":"article","og_title":"Code Colour - lookbook | Diligent Clothes","og_description":"See the Code Color collection that we have prepared for our clients. Find out more about the collection on the Diligent Clothes page.","og_url":"https:\/\/diligentclothes.com\/en\/look-book\/code-colour\/","og_site_name":"DILIGENT Clothes Official Site \/ Poland \/ Fashion Brand based in Warsaw.","article_modified_time":"2021-03-29T11:09:03+00:00","twitter_card":"summary_large_image","twitter_misc":{"Est. reading time":"1 minute"},"schema":{"@context":"https:\/\/schema.org","@graph":[{"@type":"WebPage","@id":"https:\/\/diligentclothes.com\/en\/look-book\/code-colour\/","url":"https:\/\/diligentclothes.com\/en\/look-book\/code-colour\/","name":"Code Colour - lookbook | Diligent Clothes","isPartOf":{"@id":"https:\/\/diligentclothes.com\/en\/#website"},"datePublished":"2019-09-03T21:43:24+00:00","dateModified":"2021-03-29T11:09:03+00:00","description":"See the Code Color collection that we have prepared for our clients. Find out more about the collection on the Diligent Clothes page.","breadcrumb":{"@id":"https:\/\/diligentclothes.com\/en\/look-book\/code-colour\/#breadcrumb"},"inLanguage":"en-US","potentialAction":[{"@type":"ReadAction","target":["https:\/\/diligentclothes.com\/en\/look-book\/code-colour\/"]}]},{"@type":"BreadcrumbList","@id":"https:\/\/diligentclothes.com\/en\/look-book\/code-colour\/#breadcrumb","itemListElement":[{"@type":"ListItem","position":1,"name":"Strona g\u0142\u00f3wna","item":"https:\/\/diligentclothes.com\/en\/"},{"@type":"ListItem","position":2,"name":"Private: Look book","item":"https:\/\/diligentclothes.com\/en\/?page_id=196"},{"@type":"ListItem","position":3,"name":"Code Colour"}]},{"@type":"WebSite","@id":"https:\/\/diligentclothes.com\/en\/#website","url":"https:\/\/diligentclothes.com\/en\/","name":"DILIGENT Clothes Official Site \/ Poland \/ Fashion Brand based in Warsaw.","description":"Welcome to the official DILIGENT website. Explore the online site where you will discover the latest clothes and accessories collections of our project.","potentialAction":[{"@type":"SearchAction","target":{"@type":"EntryPoint","urlTemplate":"https:\/\/diligentclothes.com\/en\/?s={search_term_string}"},"query-input":{"@type":"PropertyValueSpecification","valueRequired":true,"valueName":"search_term_string"}}],"inLanguage":"en-US"}]}},"_links":{"self":[{"href":"https:\/\/diligentclothes.com\/en\/wp-json\/wp\/v2\/pages\/369","targetHints":{"allow":["GET"]}}],"collection":[{"href":"https:\/\/diligentclothes.com\/en\/wp-json\/wp\/v2\/pages"}],"about":[{"href":"https:\/\/diligentclothes.com\/en\/wp-json\/wp\/v2\/types\/page"}],"author":[{"embeddable":true,"href":"https:\/\/diligentclothes.com\/en\/wp-json\/wp\/v2\/users\/1"}],"replies":[{"embeddable":true,"href":"https:\/\/diligentclothes.com\/en\/wp-json\/wp\/v2\/comments?post=369"}],"version-history":[{"count":2,"href":"https:\/\/diligentclothes.com\/en\/wp-json\/wp\/v2\/pages\/369\/revisions"}],"predecessor-version":[{"id":394,"href":"https:\/\/diligentclothes.com\/en\/wp-json\/wp\/v2\/pages\/369\/revisions\/394"}],"up":[{"embeddable":true,"href":"https:\/\/diligentclothes.com\/en\/wp-json\/wp\/v2\/pages\/196"}],"wp:attachment":[{"href":"https:\/\/diligentclothes.com\/en\/wp-json\/wp\/v2\/media?parent=369"}],"curies":[{"name":"wp","href":"https:\/\/api.w.org\/{rel}","templated":true}]}}