{"id":589,"date":"2019-09-09T11:54:30","date_gmt":"2019-09-09T09:54:30","guid":{"rendered":"https:\/\/diligentclothes.com\/en\/?page_id=589"},"modified":"2021-03-29T10:05:42","modified_gmt":"2021-03-29T08:05:42","slug":"achievements-and-promotion","status":"publish","type":"page","link":"https:\/\/diligentclothes.com\/en\/achievements-and-promotion\/","title":{"rendered":"ACHIEVEMENTS AND PROMOTION"},"content":{"rendered":"\n<h1 class=\"wp-block-heading\">ACHIEVEMENTS<\/h1>\n\n\n\n<p><strong>2019<\/strong><br>The winning RAW TONEY SS-2020 collection as part of the Italian Mittel Moda Lab competition organized as part of the Milan Fashion Week. The main prize in the category of the best Premium collection &#8211; MENSWEAR and WOMENSWEAR.<br>Debut of the RAW TONEY SS-2020 collection at London Fashion Week as part of IAM&nbsp;<a class=\"\" href=\"http:\/\/culture.pl\/\">Culture.pl<\/a>&nbsp;and Fashion Scout.<br><\/p>\n\n\n\n<p><strong>2018<\/strong><br>Langusta Lips collection semi-finalist International Talents Support.<br>Langusta Lips collection &#8211; LVMH Prize semi-final.<br>Medium Message Collection &#8211; premiere during KTW Fashion Week.<br>2017<br>Black Chain collection &#8211; the winner of Fresh Fashion Awards powered by&nbsp;<a class=\"\" href=\"http:\/\/noizz.pl\/\">Noizz.pl<\/a>&nbsp;and&nbsp;<a class=\"\" href=\"http:\/\/onet.pl\/\">Onet.pl<\/a>.<br>The Black Chain collection in the finals of the international French Maisons de Mode competition.<br>The Black Chain collection is a laureate of \u0141\u00f3d\u017a Young Fashion.<br><\/p>\n\n\n\n<p><strong>2016<\/strong><br>The Soft Power collection in the semi-final of the international OFF Fashion Kielce competition.<br>Szymon Mr\u00f3zek- Winner in the competition &#8216;Dress for the Star &#8211; Eva Longoria&#8217; oral individual dress design for the red carpet for Eva Longoria.<br>2015<br>Presentation of the Great Delusion collection during the Mercedes Benz Fashion Week in Budapest.<br>Honorable mention for the Great Delusion collection at Gombold Ujra in Budapest.<br>The Great Delusion collection in the semi-final of the international OFF Fashion Kielce competition.<br>The Art and Fashion Forum final by Gra\u017cyna Kulczyk in the fashion illustration category.<br>The Soft Power collection in the Fashion Designer Awards semi-final in Warsaw.<\/p>\n","protected":false},"excerpt":{"rendered":"<p>ACHIEVEMENTS 2019The winning RAW TONEY SS-2020 collection as part of the Italian Mittel Moda Lab competition organized as part of the Milan Fashion Week. The main prize in the category of the best Premium collection &#8211; MENSWEAR and WOMENSWEAR.Debut of the RAW TONEY SS-2020 collection at London Fashion Week as part of IAM&nbsp;Culture.pl&nbsp;and Fashion Scout. &hellip; <a href=\"https:\/\/diligentclothes.com\/en\/achievements-and-promotion\/\">Continued<\/a><\/p>\n","protected":false},"author":1,"featured_media":0,"parent":0,"menu_order":0,"comment_status":"closed","ping_status":"closed","template":"","meta":{"_acf_changed":false,"footnotes":""},"class_list":["post-589","page","type-page","status-publish","hentry"],"acf":[],"yoast_head":"<!-- This site is optimized with the Yoast SEO plugin v26.8 - https:\/\/yoast.com\/product\/yoast-seo-wordpress\/ -->\n<title>ACHIEVEMENTS AND PROMOTION | Diligent Clothes<\/title>\n<meta name=\"description\" content=\"Visit the official website of the Diligent Clothes fashion brand and read all the achievements and promotions on our website.\" \/>\n<meta name=\"robots\" content=\"index, follow, max-snippet:-1, max-image-preview:large, max-video-preview:-1\" \/>\n<link rel=\"canonical\" href=\"https:\/\/diligentclothes.com\/en\/achievements-and-promotion\/\" \/>\n<meta property=\"og:locale\" content=\"en_US\" \/>\n<meta property=\"og:type\" content=\"article\" \/>\n<meta property=\"og:title\" content=\"ACHIEVEMENTS AND PROMOTION | Diligent Clothes\" \/>\n<meta property=\"og:description\" content=\"Visit the official website of the Diligent Clothes fashion brand and read all the achievements and promotions on our website.\" \/>\n<meta property=\"og:url\" content=\"https:\/\/diligentclothes.com\/en\/achievements-and-promotion\/\" \/>\n<meta property=\"og:site_name\" content=\"DILIGENT Clothes Official Site \/ Poland \/ Fashion Brand based in Warsaw.\" \/>\n<meta property=\"article:modified_time\" content=\"2021-03-29T08:05:42+00:00\" \/>\n<meta name=\"twitter:card\" content=\"summary_large_image\" \/>\n<meta name=\"twitter:label1\" content=\"Est. reading time\" \/>\n\t<meta name=\"twitter:data1\" content=\"1 minute\" \/>\n<script type=\"application\/ld+json\" class=\"yoast-schema-graph\">{\"@context\":\"https:\/\/schema.org\",\"@graph\":[{\"@type\":\"WebPage\",\"@id\":\"https:\/\/diligentclothes.com\/en\/achievements-and-promotion\/\",\"url\":\"https:\/\/diligentclothes.com\/en\/achievements-and-promotion\/\",\"name\":\"ACHIEVEMENTS AND PROMOTION | Diligent Clothes\",\"isPartOf\":{\"@id\":\"https:\/\/diligentclothes.com\/en\/#website\"},\"datePublished\":\"2019-09-09T09:54:30+00:00\",\"dateModified\":\"2021-03-29T08:05:42+00:00\",\"description\":\"Visit the official website of the Diligent Clothes fashion brand and read all the achievements and promotions on our website.\",\"breadcrumb\":{\"@id\":\"https:\/\/diligentclothes.com\/en\/achievements-and-promotion\/#breadcrumb\"},\"inLanguage\":\"en-US\",\"potentialAction\":[{\"@type\":\"ReadAction\",\"target\":[\"https:\/\/diligentclothes.com\/en\/achievements-and-promotion\/\"]}]},{\"@type\":\"BreadcrumbList\",\"@id\":\"https:\/\/diligentclothes.com\/en\/achievements-and-promotion\/#breadcrumb\",\"itemListElement\":[{\"@type\":\"ListItem\",\"position\":1,\"name\":\"Strona g\u0142\u00f3wna\",\"item\":\"https:\/\/diligentclothes.com\/en\/\"},{\"@type\":\"ListItem\",\"position\":2,\"name\":\"ACHIEVEMENTS AND PROMOTION\"}]},{\"@type\":\"WebSite\",\"@id\":\"https:\/\/diligentclothes.com\/en\/#website\",\"url\":\"https:\/\/diligentclothes.com\/en\/\",\"name\":\"DILIGENT Clothes Official Site \/ Poland \/ Fashion Brand based in Warsaw.\",\"description\":\"Welcome to the official DILIGENT website. Explore the online site where you will discover the latest clothes and accessories collections of our project.\",\"potentialAction\":[{\"@type\":\"SearchAction\",\"target\":{\"@type\":\"EntryPoint\",\"urlTemplate\":\"https:\/\/diligentclothes.com\/en\/?s={search_term_string}\"},\"query-input\":{\"@type\":\"PropertyValueSpecification\",\"valueRequired\":true,\"valueName\":\"search_term_string\"}}],\"inLanguage\":\"en-US\"}]}<\/script>\n<!-- \/ Yoast SEO plugin. -->","yoast_head_json":{"title":"ACHIEVEMENTS AND PROMOTION | Diligent Clothes","description":"Visit the official website of the Diligent Clothes fashion brand and read all the achievements and promotions on our website.","robots":{"index":"index","follow":"follow","max-snippet":"max-snippet:-1","max-image-preview":"max-image-preview:large","max-video-preview":"max-video-preview:-1"},"canonical":"https:\/\/diligentclothes.com\/en\/achievements-and-promotion\/","og_locale":"en_US","og_type":"article","og_title":"ACHIEVEMENTS AND PROMOTION | Diligent Clothes","og_description":"Visit the official website of the Diligent Clothes fashion brand and read all the achievements and promotions on our website.","og_url":"https:\/\/diligentclothes.com\/en\/achievements-and-promotion\/","og_site_name":"DILIGENT Clothes Official Site \/ Poland \/ Fashion Brand based in Warsaw.","article_modified_time":"2021-03-29T08:05:42+00:00","twitter_card":"summary_large_image","twitter_misc":{"Est. reading time":"1 minute"},"schema":{"@context":"https:\/\/schema.org","@graph":[{"@type":"WebPage","@id":"https:\/\/diligentclothes.com\/en\/achievements-and-promotion\/","url":"https:\/\/diligentclothes.com\/en\/achievements-and-promotion\/","name":"ACHIEVEMENTS AND PROMOTION | Diligent Clothes","isPartOf":{"@id":"https:\/\/diligentclothes.com\/en\/#website"},"datePublished":"2019-09-09T09:54:30+00:00","dateModified":"2021-03-29T08:05:42+00:00","description":"Visit the official website of the Diligent Clothes fashion brand and read all the achievements and promotions on our website.","breadcrumb":{"@id":"https:\/\/diligentclothes.com\/en\/achievements-and-promotion\/#breadcrumb"},"inLanguage":"en-US","potentialAction":[{"@type":"ReadAction","target":["https:\/\/diligentclothes.com\/en\/achievements-and-promotion\/"]}]},{"@type":"BreadcrumbList","@id":"https:\/\/diligentclothes.com\/en\/achievements-and-promotion\/#breadcrumb","itemListElement":[{"@type":"ListItem","position":1,"name":"Strona g\u0142\u00f3wna","item":"https:\/\/diligentclothes.com\/en\/"},{"@type":"ListItem","position":2,"name":"ACHIEVEMENTS AND PROMOTION"}]},{"@type":"WebSite","@id":"https:\/\/diligentclothes.com\/en\/#website","url":"https:\/\/diligentclothes.com\/en\/","name":"DILIGENT Clothes Official Site \/ Poland \/ Fashion Brand based in Warsaw.","description":"Welcome to the official DILIGENT website. Explore the online site where you will discover the latest clothes and accessories collections of our project.","potentialAction":[{"@type":"SearchAction","target":{"@type":"EntryPoint","urlTemplate":"https:\/\/diligentclothes.com\/en\/?s={search_term_string}"},"query-input":{"@type":"PropertyValueSpecification","valueRequired":true,"valueName":"search_term_string"}}],"inLanguage":"en-US"}]}},"_links":{"self":[{"href":"https:\/\/diligentclothes.com\/en\/wp-json\/wp\/v2\/pages\/589","targetHints":{"allow":["GET"]}}],"collection":[{"href":"https:\/\/diligentclothes.com\/en\/wp-json\/wp\/v2\/pages"}],"about":[{"href":"https:\/\/diligentclothes.com\/en\/wp-json\/wp\/v2\/types\/page"}],"author":[{"embeddable":true,"href":"https:\/\/diligentclothes.com\/en\/wp-json\/wp\/v2\/users\/1"}],"replies":[{"embeddable":true,"href":"https:\/\/diligentclothes.com\/en\/wp-json\/wp\/v2\/comments?post=589"}],"version-history":[{"count":6,"href":"https:\/\/diligentclothes.com\/en\/wp-json\/wp\/v2\/pages\/589\/revisions"}],"predecessor-version":[{"id":2048,"href":"https:\/\/diligentclothes.com\/en\/wp-json\/wp\/v2\/pages\/589\/revisions\/2048"}],"wp:attachment":[{"href":"https:\/\/diligentclothes.com\/en\/wp-json\/wp\/v2\/media?parent=589"}],"curies":[{"name":"wp","href":"https:\/\/api.w.org\/{rel}","templated":true}]}}